{"id":34,"date":"2020-02-17T15:57:42","date_gmt":"2020-02-17T15:57:42","guid":{"rendered":"http:\/\/h-h-cars.de\/?page_id=34"},"modified":"2025-12-05T13:00:11","modified_gmt":"2025-12-05T13:00:11","slug":"ueber-uns","status":"publish","type":"page","link":"https:\/\/h-h-cars.de\/?page_id=34","title":{"rendered":"Unternehmen"},"content":{"rendered":"<p>Herzlich willkommen bei H &amp; H CARS. Die 1. Adresse f\u00fcr Neu- und Gebrauchtfahrzeuge.<\/p>\n<p><img loading=\"lazy\" decoding=\"async\" class=\"alignright size-full wp-image-258\" src=\"https:\/\/h-h-cars.de\/wp-content\/uploads\/2020\/11\/bild_tuev_unternehmen.jpg\" alt=\"T\u00dcV Rheinland FSP in Uelzen\" width=\"150\" height=\"113\" \/><\/p>\n<h3 class=\"subhd\">2017<\/h3>\n<p><img loading=\"lazy\" decoding=\"async\" class=\"alignright wp-image-327 size-thumbnail\" src=\"https:\/\/h-h-cars.de\/wp-content\/uploads\/2020\/12\/DJI_0147-150x150.jpg\" alt=\"\" width=\"150\" height=\"150\" srcset=\"https:\/\/h-h-cars.de\/wp-content\/uploads\/2020\/12\/DJI_0147-150x150.jpg 150w, https:\/\/h-h-cars.de\/wp-content\/uploads\/2020\/12\/DJI_0147-270x270.jpg 270w, https:\/\/h-h-cars.de\/wp-content\/uploads\/2020\/12\/DJI_0147-230x230.jpg 230w\" sizes=\"(max-width: 150px) 100vw, 150px\" \/><\/p>\n<p>Ab sofort erreichen sie uns in Uelzen an 2 Standorten:<\/p>\n<p>Automobil-Zentrum H &amp; H Cars<br \/>\nLudwig-Erhard-Str. 4<br \/>\nTelefon Verkauf: +49 581 971 2500<br \/>\ne-mail: info@h-h-cars.de<\/p>\n<p>&nbsp;<\/p>\n<p>&nbsp;<\/p>\n<p><img loading=\"lazy\" decoding=\"async\" class=\"alignright wp-image-329 size-thumbnail\" src=\"https:\/\/h-h-cars.de\/wp-content\/uploads\/2020\/12\/Aussenaufnahme_25.11.2020-150x150.jpg\" alt=\"\" width=\"150\" height=\"150\" srcset=\"https:\/\/h-h-cars.de\/wp-content\/uploads\/2020\/12\/Aussenaufnahme_25.11.2020-150x150.jpg 150w, https:\/\/h-h-cars.de\/wp-content\/uploads\/2020\/12\/Aussenaufnahme_25.11.2020-270x270.jpg 270w, https:\/\/h-h-cars.de\/wp-content\/uploads\/2020\/12\/Aussenaufnahme_25.11.2020-230x230.jpg 230w\" sizes=\"(max-width: 150px) 100vw, 150px\" \/><br \/>\nAutomobil-Zentrum H &amp; H Cars<br \/>\nHansestr. 34<br \/>\nTelefon Service: +49 581 971 59 500<br \/>\ne-mail: info@h-h-cars.de<\/p>\n<p>&nbsp;<\/p>\n<p>&nbsp;<\/p>\n<p>Wir freuen uns sie in unseren H\u00e4usern begr\u00fc\u00dfen zu d\u00fcrfen.<\/p>\n<h3 class=\"subhd\">2016<\/h3>\n<p>Das neue Automobil-Zentrum in der Hansestr. 34 steht kurz vor seiner Er\u00f6ffnung.<\/p>\n<h3 class=\"subhd\">2012-2015<\/h3>\n<p><img loading=\"lazy\" decoding=\"async\" class=\"alignright wp-image-325 size-thumbnail\" src=\"https:\/\/h-h-cars.de\/wp-content\/uploads\/2020\/12\/P8120675-150x150.jpg\" alt=\"\" width=\"150\" height=\"150\" srcset=\"https:\/\/h-h-cars.de\/wp-content\/uploads\/2020\/12\/P8120675-150x150.jpg 150w, https:\/\/h-h-cars.de\/wp-content\/uploads\/2020\/12\/P8120675-270x270.jpg 270w, https:\/\/h-h-cars.de\/wp-content\/uploads\/2020\/12\/P8120675-230x230.jpg 230w\" sizes=\"(max-width: 150px) 100vw, 150px\" \/><\/p>\n<p>Automobil-Zentrum H &amp; H Cars<br \/>\nDas Bauvorhaben wird in die Tat umgesetzt; der 1. Spatenstich ist vollbracht.<\/p>\n<h3 class=\"subhd\">2011<\/h3>\n<p>Ein neues Bauvorhaben in der Hansestr. 34 steht in der Planung.<\/p>\n<p>&nbsp;<\/p>\n<h3 class=\"subhd\">2008<\/h3>\n<p>Um unseren Kunden ein noch freundlicheres Ambiente bieten zu k\u00f6nnen, haben wir f\u00fcr Sie 2008<br \/>\nneue exklusive Gesch\u00e4ftsr\u00e4ume in der Ludwig-Erhard-Str. 4 fertig gestellt.<\/p>\n<h3 class=\"subhd\">2003<\/h3>\n<p>2003 erweiterten wir unser Unternehmen mit einer Werkstatt f\u00fcr die Wartung und Pflege unserer Fahrzeuge.<\/p>\n<h3 class=\"subhd\">1999<\/h3>\n<p>Im Jahr 1999 wurde der Betrieb an der B4 auf dem ARAL-Autohof-Gel\u00e4nde, Ludwig-Erhard-Str. 4 in Uelzen gegr\u00fcndet.<\/p>\n","protected":false},"excerpt":{"rendered":"<p>Herzlich willkommen bei H &amp; H CARS. Die 1. Adresse f\u00fcr Neu- und Gebrauchtfahrzeuge. 2017 Ab sofort erreichen sie uns in Uelzen an 2 Standorten: Automobil-Zentrum H &amp; H Cars Ludwig-Erhard-Str. 4 Telefon Verkauf: +49 581 971 2500 e-mail: info@h-h-cars.de<\/p>\n","protected":false},"author":1,"featured_media":0,"parent":0,"menu_order":0,"comment_status":"closed","ping_status":"closed","template":"","meta":{"footnotes":""},"_links":{"self":[{"href":"https:\/\/h-h-cars.de\/index.php?rest_route=\/wp\/v2\/pages\/34"}],"collection":[{"href":"https:\/\/h-h-cars.de\/index.php?rest_route=\/wp\/v2\/pages"}],"about":[{"href":"https:\/\/h-h-cars.de\/index.php?rest_route=\/wp\/v2\/types\/page"}],"author":[{"embeddable":true,"href":"https:\/\/h-h-cars.de\/index.php?rest_route=\/wp\/v2\/users\/1"}],"replies":[{"embeddable":true,"href":"https:\/\/h-h-cars.de\/index.php?rest_route=%2Fwp%2Fv2%2Fcomments&post=34"}],"version-history":[{"count":54,"href":"https:\/\/h-h-cars.de\/index.php?rest_route=\/wp\/v2\/pages\/34\/revisions"}],"predecessor-version":[{"id":466,"href":"https:\/\/h-h-cars.de\/index.php?rest_route=\/wp\/v2\/pages\/34\/revisions\/466"}],"wp:attachment":[{"href":"https:\/\/h-h-cars.de\/index.php?rest_route=%2Fwp%2Fv2%2Fmedia&parent=34"}],"curies":[{"name":"wp","href":"https:\/\/api.w.org\/{rel}","templated":true}]}}